{"id":7,"date":"2019-07-31T17:10:09","date_gmt":"2019-07-31T20:10:09","guid":{"rendered":"https:\/\/prodengsa.com\/?page_id=7"},"modified":"2024-05-06T08:00:15","modified_gmt":"2024-05-06T11:00:15","slug":"inicio","status":"publish","type":"page","link":"https:\/\/prodengsa.com\/","title":{"rendered":"Inicio"},"content":{"rendered":"\t\t<div data-elementor-type=\"post\" data-elementor-id=\"7\" class=\"elementor elementor-7\" data-elementor-settings=\"[]\">\n\t\t\t<div class=\"elementor-inner\">\n\t\t\t\t<div class=\"elementor-section-wrap\">\n\t\t\t\t\t\t\t<section class=\"elementor-element elementor-element-30c75dc elementor-section-boxed elementor-section-height-default elementor-section-height-default elementor-section elementor-top-section\" data-id=\"30c75dc\" data-element_type=\"section\">\n\t\t\t\t\t\t<div class=\"elementor-container elementor-column-gap-default\">\n\t\t\t\t<div class=\"elementor-row\">\n\t\t\t\t<div class=\"elementor-element elementor-element-5412a75 elementor-column elementor-col-100 elementor-top-column\" data-id=\"5412a75\" data-element_type=\"column\">\n\t\t\t<div class=\"elementor-column-wrap  elementor-element-populated\">\n\t\t\t\t\t<div class=\"elementor-widget-wrap\">\n\t\t\t\t<div class=\"elementor-element elementor-element-6bc7397 elementor--h-position-center elementor--v-position-middle elementor-invisible elementor-widget elementor-widget-slides\" data-id=\"6bc7397\" data-element_type=\"widget\" data-settings=\"{&quot;_animation&quot;:&quot;none&quot;,&quot;_animation_delay&quot;:600}\" data-widget_type=\"slides.default\">\n\t\t\t\t<div class=\"elementor-widget-container\">\n\t\t\t\t\t<div class=\"elementor-slides-wrapper elementor-slick-slider\" dir=\"ltr\">\n\t\t\t<div class=\"elementor-slides slick-arrows-inside slick-dots-inside\" data-slider_options=\"{&quot;slidesToShow&quot;:1,&quot;autoplaySpeed&quot;:5000,&quot;autoplay&quot;:true,&quot;infinite&quot;:true,&quot;pauseOnHover&quot;:false,&quot;speed&quot;:600,&quot;arrows&quot;:true,&quot;dots&quot;:true,&quot;rtl&quot;:false}\" data-animation=\"\">\n\t\t\t\t<div class=\"elementor-repeater-item-0edf503 slick-slide\"><div class=\"slick-slide-bg\"><\/div><div  class=\"slick-slide-inner\"><div class=\"elementor-background-overlay\"><\/div><div class=\"elementor-slide-content\"><div class=\"elementor-slide-heading\">COMPA\u00d1\u00cdA DE SERVICIOS QUE TRABAJA EN EL UP-STREAM DE LA INDUSTRIA PETROLERA<\/div><div class=\"elementor-slide-description\">Expertos en la evaluaci\u00f3n de reservorios de hidrocarburos y contamos con personal y equipamiento tecnol\u00f3gico de punta para la optimizaci\u00f3n de producci\u00f3n de los campos de petr\u00f3leo y gas, realizaci\u00f3n de ensayos, y la reactivaci\u00f3n y puesta en producci\u00f3n de pozos.<\/div><a href=\"https:\/\/prodengsa.com\/?page_id=1741\" class=\"elementor-button elementor-slide-button elementor-size-sm\">Nosotros<\/a><\/div><\/div><\/div><div class=\"elementor-repeater-item-e30f8ea slick-slide\"><div class=\"slick-slide-bg\"><\/div><div  class=\"slick-slide-inner\"><div class=\"elementor-background-overlay\"><\/div><div class=\"elementor-slide-content\"><div class=\"elementor-slide-heading\">COMPA\u00d1\u00cdA DE SERVICIOS QUE TRABAJA EN EL UP-STREAM DE LA INDUSTRIA PETROLERA<\/div><div class=\"elementor-slide-description\">Expertos en la evaluaci\u00f3n de reservorios de hidrocarburos y contamos con personal y equipamiento tecnol\u00f3gico de punta para la optimizaci\u00f3n de producci\u00f3n de los campos de petr\u00f3leo y gas, realizaci\u00f3n de ensayos, y la reactivaci\u00f3n y puesta en producci\u00f3n de pozos.<\/div><a href=\"https:\/\/prodengsa.com\/?page_id=1741\" class=\"elementor-button elementor-slide-button elementor-size-sm\">Nosotros<\/a><\/div><\/div><\/div><div class=\"elementor-repeater-item-966812b slick-slide\"><div class=\"slick-slide-bg\"><\/div><div  class=\"slick-slide-inner\"><div class=\"elementor-background-overlay\"><\/div><div class=\"elementor-slide-content\"><div class=\"elementor-slide-heading\">COMPA\u00d1\u00cdA DE SERVICIOS QUE TRABAJA EN EL UP-STREAM DE LA INDUSTRIA PETROLERA<\/div><div class=\"elementor-slide-description\">Expertos en la evaluaci\u00f3n de reservorios de hidrocarburos y contamos con personal y equipamiento tecnol\u00f3gico de punta para la optimizaci\u00f3n de producci\u00f3n de los campos de petr\u00f3leo y gas, realizaci\u00f3n de ensayos, y la reactivaci\u00f3n y puesta en producci\u00f3n de pozos.<\/div><a href=\"https:\/\/prodengsa.com\/?page_id=1741\" class=\"elementor-button elementor-slide-button elementor-size-sm\">Nosotros<\/a><\/div><\/div><\/div>\t\t\t<\/div>\n\t\t<\/div>\n\t\t\t\t<\/div>\n\t\t\t\t<\/div>\n\t\t\t\t\t\t<\/div>\n\t\t\t<\/div>\n\t\t<\/div>\n\t\t\t\t\t\t<\/div>\n\t\t\t<\/div>\n\t\t<\/section>\n\t\t\t\t<section class=\"elementor-element elementor-element-94c1285 elementor-section-stretched elementor-section-boxed elementor-section-height-default elementor-section-height-default elementor-section elementor-top-section\" data-id=\"94c1285\" data-element_type=\"section\" data-settings=\"{&quot;stretch_section&quot;:&quot;section-stretched&quot;,&quot;background_motion_fx_devices&quot;:[&quot;desktop&quot;,&quot;tablet&quot;,&quot;mobile&quot;]}\">\n\t\t\t\t\t\t<div class=\"elementor-container elementor-column-gap-default\">\n\t\t\t\t<div class=\"elementor-row\">\n\t\t\t\t<div class=\"elementor-element elementor-element-ecd940d elementor-column elementor-col-100 elementor-top-column\" data-id=\"ecd940d\" data-element_type=\"column\">\n\t\t\t<div class=\"elementor-column-wrap  elementor-element-populated\">\n\t\t\t\t\t<div class=\"elementor-widget-wrap\">\n\t\t\t\t<div class=\"elementor-element elementor-element-6230f83 elementor-widget elementor-widget-heading\" data-id=\"6230f83\" data-element_type=\"widget\" data-widget_type=\"heading.default\">\n\t\t\t\t<div class=\"elementor-widget-container\">\n\t\t\t<h3 class=\"elementor-heading-title elementor-size-large\">SERVICIOS<\/h3>\t\t<\/div>\n\t\t\t\t<\/div>\n\t\t\t\t\t\t<\/div>\n\t\t\t<\/div>\n\t\t<\/div>\n\t\t\t\t\t\t<\/div>\n\t\t\t<\/div>\n\t\t<\/section>\n\t\t\t\t<section class=\"elementor-element elementor-element-21d5c0eb elementor-section-stretched elementor-section-full_width elementor-section-height-default elementor-section-height-default elementor-section elementor-top-section\" data-id=\"21d5c0eb\" data-element_type=\"section\" data-settings=\"{&quot;stretch_section&quot;:&quot;section-stretched&quot;}\">\n\t\t\t\t\t\t<div class=\"elementor-container elementor-column-gap-default\">\n\t\t\t\t<div class=\"elementor-row\">\n\t\t\t\t<div class=\"elementor-element elementor-element-29506285 elementor-column elementor-col-100 elementor-top-column\" data-id=\"29506285\" data-element_type=\"column\">\n\t\t\t<div class=\"elementor-column-wrap  elementor-element-populated\">\n\t\t\t\t\t<div class=\"elementor-widget-wrap\">\n\t\t\t\t<section class=\"elementor-element elementor-element-7030f44 elementor-section-boxed elementor-section-height-default elementor-section-height-default elementor-section elementor-inner-section\" data-id=\"7030f44\" data-element_type=\"section\" data-settings=\"{&quot;background_background&quot;:&quot;classic&quot;}\">\n\t\t\t\t\t\t<div class=\"elementor-container elementor-column-gap-default\">\n\t\t\t\t<div class=\"elementor-row\">\n\t\t\t\t<div class=\"elementor-element elementor-element-f005e1a elementor-column elementor-col-33 elementor-inner-column\" data-id=\"f005e1a\" data-element_type=\"column\">\n\t\t\t<div class=\"elementor-column-wrap  elementor-element-populated\">\n\t\t\t\t\t<div class=\"elementor-widget-wrap\">\n\t\t\t\t<div class=\"elementor-element elementor-element-5317cff elementor-cta--skin-cover elementor-cta--valign-top elementor-bg-transform elementor-bg-transform-zoom-out sombra elementor-animated-content elementor-widget elementor-widget-call-to-action\" data-id=\"5317cff\" data-element_type=\"widget\" data-widget_type=\"call-to-action.default\">\n\t\t\t\t<div class=\"elementor-widget-container\">\n\t\t\t\t\t<div  class=\"elementor-cta\">\n\t\t\t\t\t<div class=\"elementor-cta__bg-wrapper\">\n\t\t\t\t<div class=\"elementor-cta__bg elementor-bg\" style=\"background-image: url(https:\/\/prodengsa.com\/wp-content\/uploads\/2019\/08\/FPDO-Y-FLOWBACK-1.jpg);\"><\/div>\n\t\t\t\t<div class=\"elementor-cta__bg-overlay\"><\/div>\n\t\t\t<\/div>\n\t\t\t\t\t\t\t<div class=\"elementor-cta__content\">\n\t\t\t\t\n\t\t\t\t\t\t\t\t\t<h2 class=\"elementor-cta__title elementor-cta__content-item elementor-content-item elementor-animated-item--move-right\">\n\t\t\t\t\t\tFPDO Y FLOWBACK\t\t\t\t\t<\/h2>\n\t\t\t\t\n\t\t\t\t\n\t\t\t\t\t\t\t\t\t<div class=\"elementor-cta__button-wrapper elementor-cta__content-item elementor-content-item elementor-animated-item--move-right\">\n\t\t\t\t\t<a class=\"elementor-cta__button elementor-button elementor-size-xs\" href=\"https:\/\/prodengsa.com\/?page_id=2139\/#fpdo\">\n\t\t\t\t\t\tVer M\u00e1s\t\t\t\t\t<\/a>\n\t\t\t\t\t<\/div>\n\t\t\t\t\t\t\t<\/div>\n\t\t\t\t\t\t<\/div>\n\t\t\t\t<\/div>\n\t\t\t\t<\/div>\n\t\t\t\t\t\t<\/div>\n\t\t\t<\/div>\n\t\t<\/div>\n\t\t\t\t<div class=\"elementor-element elementor-element-0a32a68 elementor-column elementor-col-33 elementor-inner-column\" data-id=\"0a32a68\" data-element_type=\"column\">\n\t\t\t<div class=\"elementor-column-wrap  elementor-element-populated\">\n\t\t\t\t\t<div class=\"elementor-widget-wrap\">\n\t\t\t\t<div class=\"elementor-element elementor-element-2decd2c elementor-cta--skin-cover elementor-cta--valign-top elementor-bg-transform elementor-bg-transform-zoom-out sombra elementor-animated-content elementor-widget elementor-widget-call-to-action\" data-id=\"2decd2c\" data-element_type=\"widget\" data-widget_type=\"call-to-action.default\">\n\t\t\t\t<div class=\"elementor-widget-container\">\n\t\t\t\t\t<div  class=\"elementor-cta\">\n\t\t\t\t\t<div class=\"elementor-cta__bg-wrapper\">\n\t\t\t\t<div class=\"elementor-cta__bg elementor-bg\" style=\"background-image: url(https:\/\/prodengsa.com\/wp-content\/uploads\/2019\/08\/WELL-TESTING.png);\"><\/div>\n\t\t\t\t<div class=\"elementor-cta__bg-overlay\"><\/div>\n\t\t\t<\/div>\n\t\t\t\t\t\t\t<div class=\"elementor-cta__content\">\n\t\t\t\t\n\t\t\t\t\t\t\t\t\t<h2 class=\"elementor-cta__title elementor-cta__content-item elementor-content-item elementor-animated-item--move-right\">\n\t\t\t\t\t\tWELL TESTING\t\t\t\t\t<\/h2>\n\t\t\t\t\n\t\t\t\t\n\t\t\t\t\t\t\t\t\t<div class=\"elementor-cta__button-wrapper elementor-cta__content-item elementor-content-item elementor-animated-item--move-right\">\n\t\t\t\t\t<a class=\"elementor-cta__button elementor-button elementor-size-xs\" href=\"https:\/\/prodengsa.com\/?page_id=2139\/#well\">\n\t\t\t\t\t\tVer M\u00e1s\t\t\t\t\t<\/a>\n\t\t\t\t\t<\/div>\n\t\t\t\t\t\t\t<\/div>\n\t\t\t\t\t\t<\/div>\n\t\t\t\t<\/div>\n\t\t\t\t<\/div>\n\t\t\t\t\t\t<\/div>\n\t\t\t<\/div>\n\t\t<\/div>\n\t\t\t\t<div class=\"elementor-element elementor-element-4af37a8 elementor-column elementor-col-33 elementor-inner-column\" data-id=\"4af37a8\" data-element_type=\"column\">\n\t\t\t<div class=\"elementor-column-wrap  elementor-element-populated\">\n\t\t\t\t\t<div class=\"elementor-widget-wrap\">\n\t\t\t\t<div class=\"elementor-element elementor-element-d6c30c4 elementor-cta--skin-cover elementor-cta--valign-top elementor-bg-transform elementor-bg-transform-zoom-out sombra elementor-animated-content elementor-widget elementor-widget-call-to-action\" data-id=\"d6c30c4\" data-element_type=\"widget\" data-widget_type=\"call-to-action.default\">\n\t\t\t\t<div class=\"elementor-widget-container\">\n\t\t\t\t\t<div  class=\"elementor-cta\">\n\t\t\t\t\t<div class=\"elementor-cta__bg-wrapper\">\n\t\t\t\t<div class=\"elementor-cta__bg elementor-bg\" style=\"background-image: url(https:\/\/prodengsa.com\/wp-content\/uploads\/2019\/08\/SLICKLINE-Y-SWABBING-1024x768.jpg);\"><\/div>\n\t\t\t\t<div class=\"elementor-cta__bg-overlay\"><\/div>\n\t\t\t<\/div>\n\t\t\t\t\t\t\t<div class=\"elementor-cta__content\">\n\t\t\t\t\n\t\t\t\t\t\t\t\t\t<h2 class=\"elementor-cta__title elementor-cta__content-item elementor-content-item elementor-animated-item--move-right\">\n\t\t\t\t\t\tSLICK LINE Y SWABBING\t\t\t\t\t<\/h2>\n\t\t\t\t\n\t\t\t\t\n\t\t\t\t\t\t\t\t\t<div class=\"elementor-cta__button-wrapper elementor-cta__content-item elementor-content-item elementor-animated-item--move-right\">\n\t\t\t\t\t<a class=\"elementor-cta__button elementor-button elementor-size-xs\" href=\"https:\/\/prodengsa.com\/?page_id=2139\/#slick\">\n\t\t\t\t\t\tVer M\u00e1s\t\t\t\t\t<\/a>\n\t\t\t\t\t<\/div>\n\t\t\t\t\t\t\t<\/div>\n\t\t\t\t\t\t<\/div>\n\t\t\t\t<\/div>\n\t\t\t\t<\/div>\n\t\t\t\t\t\t<\/div>\n\t\t\t<\/div>\n\t\t<\/div>\n\t\t\t\t\t\t<\/div>\n\t\t\t<\/div>\n\t\t<\/section>\n\t\t\t\t<section class=\"elementor-element elementor-element-87e08d9 elementor-section-boxed elementor-section-height-default elementor-section-height-default elementor-section elementor-inner-section\" data-id=\"87e08d9\" data-element_type=\"section\">\n\t\t\t\t\t\t<div class=\"elementor-container elementor-column-gap-default\">\n\t\t\t\t<div class=\"elementor-row\">\n\t\t\t\t<div class=\"elementor-element elementor-element-4aec9eb elementor-column elementor-col-33 elementor-inner-column\" data-id=\"4aec9eb\" data-element_type=\"column\">\n\t\t\t<div class=\"elementor-column-wrap  elementor-element-populated\">\n\t\t\t\t\t<div class=\"elementor-widget-wrap\">\n\t\t\t\t<div class=\"elementor-element elementor-element-4373931 elementor-cta--skin-cover elementor-cta--valign-top elementor-bg-transform elementor-bg-transform-zoom-out sombra elementor-animated-content elementor-widget elementor-widget-call-to-action\" data-id=\"4373931\" data-element_type=\"widget\" data-widget_type=\"call-to-action.default\">\n\t\t\t\t<div class=\"elementor-widget-container\">\n\t\t\t\t\t<div  class=\"elementor-cta\">\n\t\t\t\t\t<div class=\"elementor-cta__bg-wrapper\">\n\t\t\t\t<div class=\"elementor-cta__bg elementor-bg\" style=\"background-image: url(https:\/\/prodengsa.com\/wp-content\/uploads\/2019\/08\/HOTOIL-1.jpg);\"><\/div>\n\t\t\t\t<div class=\"elementor-cta__bg-overlay\"><\/div>\n\t\t\t<\/div>\n\t\t\t\t\t\t\t<div class=\"elementor-cta__content\">\n\t\t\t\t\n\t\t\t\t\t\t\t\t\t<h2 class=\"elementor-cta__title elementor-cta__content-item elementor-content-item elementor-animated-item--move-right\">\n\t\t\t\t\t\tHOTOIL\t\t\t\t\t<\/h2>\n\t\t\t\t\n\t\t\t\t\n\t\t\t\t\t\t\t\t\t<div class=\"elementor-cta__button-wrapper elementor-cta__content-item elementor-content-item elementor-animated-item--move-right\">\n\t\t\t\t\t<a class=\"elementor-cta__button elementor-button elementor-size-xs\" href=\"https:\/\/prodengsa.com\/?page_id=2139\/#hot\">\n\t\t\t\t\t\tVer M\u00e1s\t\t\t\t\t<\/a>\n\t\t\t\t\t<\/div>\n\t\t\t\t\t\t\t<\/div>\n\t\t\t\t\t\t<\/div>\n\t\t\t\t<\/div>\n\t\t\t\t<\/div>\n\t\t\t\t\t\t<\/div>\n\t\t\t<\/div>\n\t\t<\/div>\n\t\t\t\t<div class=\"elementor-element elementor-element-8795cf1 elementor-column elementor-col-33 elementor-inner-column\" data-id=\"8795cf1\" data-element_type=\"column\">\n\t\t\t<div class=\"elementor-column-wrap  elementor-element-populated\">\n\t\t\t\t\t<div class=\"elementor-widget-wrap\">\n\t\t\t\t<div class=\"elementor-element elementor-element-3ccc33f elementor-cta--skin-cover elementor-cta--valign-top elementor-bg-transform elementor-bg-transform-zoom-out sombra elementor-animated-content elementor-widget elementor-widget-call-to-action\" data-id=\"3ccc33f\" data-element_type=\"widget\" data-widget_type=\"call-to-action.default\">\n\t\t\t\t<div class=\"elementor-widget-container\">\n\t\t\t\t\t<div  class=\"elementor-cta\">\n\t\t\t\t\t<div class=\"elementor-cta__bg-wrapper\">\n\t\t\t\t<div class=\"elementor-cta__bg elementor-bg\" style=\"background-image: url(https:\/\/prodengsa.com\/wp-content\/uploads\/2019\/08\/ARMADURAS-DE-FRACTURA-Y-TREE-SAVER-1.jpg);\"><\/div>\n\t\t\t\t<div class=\"elementor-cta__bg-overlay\"><\/div>\n\t\t\t<\/div>\n\t\t\t\t\t\t\t<div class=\"elementor-cta__content\">\n\t\t\t\t\n\t\t\t\t\t\t\t\t\t<h2 class=\"elementor-cta__title elementor-cta__content-item elementor-content-item elementor-animated-item--move-right\">\n\t\t\t\t\t\tARMADURAS DE FRACTURA Y TREE SAVER\t\t\t\t\t<\/h2>\n\t\t\t\t\n\t\t\t\t\n\t\t\t\t\t\t\t\t\t<div class=\"elementor-cta__button-wrapper elementor-cta__content-item elementor-content-item elementor-animated-item--move-right\">\n\t\t\t\t\t<a class=\"elementor-cta__button elementor-button elementor-size-xs\" href=\"https:\/\/prodengsa.com\/?page_id=2139\/#armaduras\">\n\t\t\t\t\t\tVer M\u00e1s\t\t\t\t\t<\/a>\n\t\t\t\t\t<\/div>\n\t\t\t\t\t\t\t<\/div>\n\t\t\t\t\t\t<\/div>\n\t\t\t\t<\/div>\n\t\t\t\t<\/div>\n\t\t\t\t\t\t<\/div>\n\t\t\t<\/div>\n\t\t<\/div>\n\t\t\t\t<div class=\"elementor-element elementor-element-3305bf1 elementor-column elementor-col-33 elementor-inner-column\" data-id=\"3305bf1\" data-element_type=\"column\">\n\t\t\t<div class=\"elementor-column-wrap  elementor-element-populated\">\n\t\t\t\t\t<div class=\"elementor-widget-wrap\">\n\t\t\t\t<div class=\"elementor-element elementor-element-b49d9a4 elementor-cta--skin-cover elementor-cta--valign-top elementor-bg-transform elementor-bg-transform-zoom-out sombra elementor-animated-content elementor-widget elementor-widget-call-to-action\" data-id=\"b49d9a4\" data-element_type=\"widget\" data-widget_type=\"call-to-action.default\">\n\t\t\t\t<div class=\"elementor-widget-container\">\n\t\t\t\t\t<div  class=\"elementor-cta\">\n\t\t\t\t\t<div class=\"elementor-cta__bg-wrapper\">\n\t\t\t\t<div class=\"elementor-cta__bg elementor-bg\" style=\"background-image: url(https:\/\/prodengsa.com\/wp-content\/uploads\/2019\/08\/Prodeng-43.jpg);\"><\/div>\n\t\t\t\t<div class=\"elementor-cta__bg-overlay\"><\/div>\n\t\t\t<\/div>\n\t\t\t\t\t\t\t<div class=\"elementor-cta__content\">\n\t\t\t\t\n\t\t\t\t\t\t\t\t\t<h2 class=\"elementor-cta__title elementor-cta__content-item elementor-content-item elementor-animated-item--move-right\">\n\t\t\t\t\t\tSISTEMAS DE LEVANTAMIENTO ARTIFICIAL\t\t\t\t\t<\/h2>\n\t\t\t\t\n\t\t\t\t\n\t\t\t\t\t\t\t\t\t<div class=\"elementor-cta__button-wrapper elementor-cta__content-item elementor-content-item elementor-animated-item--move-right\">\n\t\t\t\t\t<a class=\"elementor-cta__button elementor-button elementor-size-xs\" href=\"https:\/\/prodengsa.com\/?page_id=2139\/#sistemas\">\n\t\t\t\t\t\tVer M\u00e1s\t\t\t\t\t<\/a>\n\t\t\t\t\t<\/div>\n\t\t\t\t\t\t\t<\/div>\n\t\t\t\t\t\t<\/div>\n\t\t\t\t<\/div>\n\t\t\t\t<\/div>\n\t\t\t\t\t\t<\/div>\n\t\t\t<\/div>\n\t\t<\/div>\n\t\t\t\t\t\t<\/div>\n\t\t\t<\/div>\n\t\t<\/section>\n\t\t\t\t\t\t<\/div>\n\t\t\t<\/div>\n\t\t<\/div>\n\t\t\t\t\t\t<\/div>\n\t\t\t<\/div>\n\t\t<\/section>\n\t\t\t\t<section class=\"elementor-element elementor-element-6acec97 elementor-section-boxed elementor-section-height-default elementor-section-height-default elementor-section elementor-top-section\" data-id=\"6acec97\" data-element_type=\"section\">\n\t\t\t\t\t\t<div class=\"elementor-container elementor-column-gap-default\">\n\t\t\t\t<div class=\"elementor-row\">\n\t\t\t\t<div class=\"elementor-element elementor-element-ce99faa elementor-column elementor-col-100 elementor-top-column\" data-id=\"ce99faa\" data-element_type=\"column\">\n\t\t\t<div class=\"elementor-column-wrap  elementor-element-populated\">\n\t\t\t\t\t<div class=\"elementor-widget-wrap\">\n\t\t\t\t<div class=\"elementor-element elementor-element-b2d548b elementor-widget elementor-widget-heading\" data-id=\"b2d548b\" data-element_type=\"widget\" data-widget_type=\"heading.default\">\n\t\t\t\t<div class=\"elementor-widget-container\">\n\t\t\t<h3 class=\"elementor-heading-title elementor-size-large\">Im\u00e1genes<\/h3>\t\t<\/div>\n\t\t\t\t<\/div>\n\t\t\t\t<div class=\"elementor-element elementor-element-4a2c7bd elementor-grid-5 elementor-widget elementor-widget-elementor-instagram-feed\" data-id=\"4a2c7bd\" data-element_type=\"widget\" data-settings=\"{&quot;feed_columns&quot;:&quot;5&quot;}\" data-widget_type=\"elementor-instagram-feed.default\">\n\t\t\t\t<div class=\"elementor-widget-container\">\n\t\t\t\t\t<div class=\"wpcap-feed-main\">\n\n\t\t\t<div class=\"wpcap-feed-inner\">\n\n\t\t\t\t\n\t\t\t\t<div class=\"wpcap-feed-items wpcap-grid-container elementor-grid\">\n\t\t\t\t\t\t\t\t\t<\/div>\n\n\t\t\t<\/div>\t\t\t      \t\t\t\t\t\t               \n\t\t<\/div>\n\t\t\t\t<\/div>\n\t\t\t\t<\/div>\n\t\t\t\t\t\t<\/div>\n\t\t\t<\/div>\n\t\t<\/div>\n\t\t\t\t\t\t<\/div>\n\t\t\t<\/div>\n\t\t<\/section>\n\t\t\t\t\t\t<\/div>\n\t\t\t<\/div>\n\t\t<\/div>\n\t\t","protected":false},"excerpt":{"rendered":"<p>COMPA\u00d1\u00cdA DE SERVICIOS QUE TRABAJA EN EL UP-STREAM DE LA INDUSTRIA PETROLERAExpertos en la evaluaci\u00f3n de reservorios de hidrocarburos y contamos con personal y equipamiento tecnol\u00f3gico de punta para la optimizaci\u00f3n de producci\u00f3n de los campos de petr\u00f3leo y gas, realizaci\u00f3n de ensayos, y la reactivaci\u00f3n y puesta en producci\u00f3n de pozos.NosotrosCOMPA\u00d1\u00cdA DE SERVICIOS QUE [&hellip;]<\/p>\n","protected":false},"author":1,"featured_media":0,"parent":0,"menu_order":0,"comment_status":"closed","ping_status":"closed","template":"elementor_header_footer","meta":[],"_links":{"self":[{"href":"https:\/\/prodengsa.com\/index.php?rest_route=\/wp\/v2\/pages\/7"}],"collection":[{"href":"https:\/\/prodengsa.com\/index.php?rest_route=\/wp\/v2\/pages"}],"about":[{"href":"https:\/\/prodengsa.com\/index.php?rest_route=\/wp\/v2\/types\/page"}],"author":[{"embeddable":true,"href":"https:\/\/prodengsa.com\/index.php?rest_route=\/wp\/v2\/users\/1"}],"replies":[{"embeddable":true,"href":"https:\/\/prodengsa.com\/index.php?rest_route=%2Fwp%2Fv2%2Fcomments&post=7"}],"version-history":[{"count":114,"href":"https:\/\/prodengsa.com\/index.php?rest_route=\/wp\/v2\/pages\/7\/revisions"}],"predecessor-version":[{"id":2290,"href":"https:\/\/prodengsa.com\/index.php?rest_route=\/wp\/v2\/pages\/7\/revisions\/2290"}],"wp:attachment":[{"href":"https:\/\/prodengsa.com\/index.php?rest_route=%2Fwp%2Fv2%2Fmedia&parent=7"}],"curies":[{"name":"wp","href":"https:\/\/api.w.org\/{rel}","templated":true}]}}